{"id":768,"date":"2026-02-03T09:41:01","date_gmt":"2026-02-03T14:41:01","guid":{"rendered":"https:\/\/www.manuelqf.com.pe\/catalogo\/?page_id=768"},"modified":"2026-02-03T09:57:20","modified_gmt":"2026-02-03T14:57:20","slug":"envios","status":"publish","type":"page","link":"https:\/\/www.manuelqf.com.pe\/catalogo\/envios","title":{"rendered":"Env\u00edos"},"content":{"rendered":"\n<p>Queremos que tengas claridad y confianza al momento de comprar. Por eso, te explicamos c\u00f3mo manejamos las entregas:<\/p>\n\n\n\n<p>Actualmente <strong>no contamos con servicio de env\u00edo ni delivery propio<\/strong>, pero s\u00ed te brindamos facilidades para que recibas tu pedido sin problemas.<\/p>\n\n\n\n<p class=\"has-black-color has-pale-cyan-blue-background-color has-text-color has-background has-link-color has-medium-font-size wp-elements-fe4872e8633116f9cdd4d9369e6de2ff\"><strong>Env\u00edos por agencias de transporte<\/strong><\/p>\n\n\n\n<p>Podemos llevar tu compra a la <strong>agencia de transporte que t\u00fa elijas<\/strong> (por ejemplo, Shalom u otra de tu preferencia).<br>El proceso es simple y transparente:<\/p>\n\n\n\n<ul class=\"wp-block-list\">\n<li>El cliente realiza y paga la compra del producto.<\/li>\n\n\n\n<li>Nosotros nos encargamos de llevar el pedido hasta la agencia indicada.<\/li>\n\n\n\n<li>El costo del env\u00edo no est\u00e1 incluido y es pagado directamente por el cliente a la agencia <strong>al momento de recibir su pedido<\/strong>.<\/li>\n<\/ul>\n\n\n\n<p>De esta manera, t\u00fa eliges la agencia que m\u00e1s confianza te d\u00e9 y pagas el env\u00edo directamente, sin intermediarios.<\/p>\n\n\n\n<p class=\"has-black-color has-pale-cyan-blue-background-color has-text-color has-background has-link-color has-medium-font-size wp-elements-96147c1f8f5ea5ec83d89f28438b4ea0\"><strong>Delivery mediante aplicaciones<\/strong><\/p>\n\n\n\n<p>Si prefieres un delivery inmediato, puedes solicitarlo a trav\u00e9s de aplicaciones como <strong>DiDi, Cabify u otras similares<\/strong>.<br>En este caso:<\/p>\n\n\n\n<ul class=\"wp-block-list\">\n<li>El cliente realiza y paga la compra del producto.<\/li>\n\n\n\n<li>El cliente solicita y paga el delivery directamente desde la aplicaci\u00f3n.<\/li>\n\n\n\n<li>Nosotros entregamos el producto <strong>en nuestras instalaciones<\/strong>, directamente en manos del conductor que t\u00fa hayas elegido.<\/li>\n<\/ul>\n\n\n\n<p>As\u00ed, tienes total control sobre el servicio de delivery y nosotros nos aseguramos de entregar tu compra correctamente.<\/p>\n\n\n\n<p>Trabajamos con responsabilidad y buena disposici\u00f3n para que tu pedido llegue de la forma que mejor se adapte a ti.<\/p>\n\n\n\n<p><\/p>\n","protected":false},"excerpt":{"rendered":"<p>Queremos que tengas claridad y confianza al momento de comprar. Por eso, te explicamos c\u00f3mo manejamos las entregas: Actualmente no contamos con servicio de env\u00edo ni delivery propio, pero s\u00ed&hellip;<\/p>\n","protected":false},"author":1,"featured_media":773,"parent":0,"menu_order":0,"comment_status":"closed","ping_status":"closed","template":"","meta":{"footnotes":""},"class_list":["post-768","page","type-page","status-publish","has-post-thumbnail","hentry"],"_links":{"self":[{"href":"https:\/\/www.manuelqf.com.pe\/catalogo\/wp-json\/wp\/v2\/pages\/768","targetHints":{"allow":["GET"]}}],"collection":[{"href":"https:\/\/www.manuelqf.com.pe\/catalogo\/wp-json\/wp\/v2\/pages"}],"about":[{"href":"https:\/\/www.manuelqf.com.pe\/catalogo\/wp-json\/wp\/v2\/types\/page"}],"author":[{"embeddable":true,"href":"https:\/\/www.manuelqf.com.pe\/catalogo\/wp-json\/wp\/v2\/users\/1"}],"replies":[{"embeddable":true,"href":"https:\/\/www.manuelqf.com.pe\/catalogo\/wp-json\/wp\/v2\/comments?post=768"}],"version-history":[{"count":2,"href":"https:\/\/www.manuelqf.com.pe\/catalogo\/wp-json\/wp\/v2\/pages\/768\/revisions"}],"predecessor-version":[{"id":775,"href":"https:\/\/www.manuelqf.com.pe\/catalogo\/wp-json\/wp\/v2\/pages\/768\/revisions\/775"}],"wp:featuredmedia":[{"embeddable":true,"href":"https:\/\/www.manuelqf.com.pe\/catalogo\/wp-json\/wp\/v2\/media\/773"}],"wp:attachment":[{"href":"https:\/\/www.manuelqf.com.pe\/catalogo\/wp-json\/wp\/v2\/media?parent=768"}],"curies":[{"name":"wp","href":"https:\/\/api.w.org\/{rel}","templated":true}]}}